{"id":2,"date":"2022-12-15T12:23:13","date_gmt":"2022-12-15T11:23:13","guid":{"rendered":"http:\/\/avocat-hajji.fr\/?page_id=2"},"modified":"2023-10-16T14:49:05","modified_gmt":"2023-10-16T12:49:05","slug":"page-d-exemple","status":"publish","type":"page","link":"https:\/\/avocat-hajji.fr\/?page_id=2","title":{"rendered":"Mentions l\u00e9gales"},"content":{"rendered":"\t\t<div data-elementor-type=\"wp-page\" data-elementor-id=\"2\" class=\"elementor elementor-2\">\n\t\t\t\t\t\t\t\t\t<section class=\"elementor-section elementor-top-section elementor-element elementor-element-52115704 elementor-section-boxed elementor-section-height-default elementor-section-height-default\" data-id=\"52115704\" data-element_type=\"section\">\n\t\t\t\t\t\t<div class=\"elementor-container elementor-column-gap-default\">\n\t\t\t\t\t<div class=\"elementor-column elementor-col-100 elementor-top-column elementor-element elementor-element-2694c8bd\" data-id=\"2694c8bd\" data-element_type=\"column\">\n\t\t\t<div class=\"elementor-widget-wrap elementor-element-populated\">\n\t\t\t\t\t\t\t\t<div class=\"elementor-element elementor-element-690423c8 elementor-widget elementor-widget-text-editor\" data-id=\"690423c8\" data-element_type=\"widget\" data-widget_type=\"text-editor.default\">\n\t\t\t\t<div class=\"elementor-widget-container\">\n\t\t\t<style>\/*! elementor - v3.9.1 - 14-12-2022 *\/\n.elementor-widget-text-editor.elementor-drop-cap-view-stacked .elementor-drop-cap{background-color:#818a91;color:#fff}.elementor-widget-text-editor.elementor-drop-cap-view-framed .elementor-drop-cap{color:#818a91;border:3px solid;background-color:transparent}.elementor-widget-text-editor:not(.elementor-drop-cap-view-default) .elementor-drop-cap{margin-top:8px}.elementor-widget-text-editor:not(.elementor-drop-cap-view-default) .elementor-drop-cap-letter{width:1em;height:1em}.elementor-widget-text-editor .elementor-drop-cap{float:left;text-align:center;line-height:1;font-size:50px}.elementor-widget-text-editor .elementor-drop-cap-letter{display:inline-block}<\/style>\t\t\t\t<!-- wp:paragraph -->\n<p>Ma\u00eetre Nassera HAJJI exerce \u00e0 titre individuel au sein du Barreau de QUIMPER,\u00a0SIRET 479 378 366 00047<\/p>\n<p>Son cabinet est situ\u00e9 au Cabinet situ\u00e9 36, rue de Douarnenez 29000 QUIMPER. (T\u00e9l 02 98 56 08 88 &#8211; Mail\u00a0contact@avocat-hajji.fr).<\/p>\n<p>Nous vous informons de la possibilit\u00e9 qui est offerte par l\u2019article L 612-1 du Code de la consommation \u00e0 tout client de Ma\u00eetre Nassera HAJJI ayant la qualit\u00e9 de consommateur, d\u2019avoir recours au m\u00e9diateur de la consommation de la profession d\u2019avocat, Madame Carole PASCAREL, en cas de litige ou de contestation sur nos prestations.<\/p>\n<p>Ses coordonn\u00e9es sont les suivantes :<\/p>\n<p>Carole PASCAREL &#8211; M\u00e9diateur de la consommation de la profession d\u2019avocat, 180 boulevard Haussmann, 75008 Paris<\/p>\n<p>Adresse email :\u00a0mediateur-conso@mediateur-consommation-avocat.fr<\/p>\n<p>Nous vous pr\u00e9cisons que la saisine de ce m\u00e9diateur ne peut intervenir qu\u2019apr\u00e8s qu\u2019aura \u00e9t\u00e9 tent\u00e9e au pr\u00e9alable une r\u00e9solution amiable du diff\u00e9rend sur la base d\u2019une r\u00e9clamation \u00e9crite form\u00e9e aupr\u00e8s de l\u2019avocat en charge du dossier ou adress\u00e9e \u00e0 la direction r\u00e9gionale dont il d\u00e9pend.<\/p>\n<p>Le propri\u00e9taire du site est Ma\u00eetre Nassera HAJJI, exer\u00e7ant 36 rue de Douarnenez 29000 QUIMPER.<\/p>\n<p>Le Directeur de la Publication du site est Madame Nassera HAJJI, 36 rue de Douarnenez 29000 QUIMPER.<\/p>\n<p>Le site est h\u00e9berg\u00e9 par :<\/p>\n<p>OVH 2 rue Kellermann 59100 ROUBAIX &#8211; France<\/p>\n<blockquote class=\"wp-block-quote\">\n<p>RESPONSABILITE<\/p>\n<p>Ma\u00eetre Nassera HAJJI s&#8217;engage \u00e0 faire ses meilleurs efforts pour assurer aux utilisateurs une accessibilit\u00e9 du Site \u00e0 tout moment.\u00a0<\/p>\n<p>Elle prend le plus grand soin pour s&#8217;assurer de la qualit\u00e9 et de la fiabilit\u00e9 des informations contenues sur le Site.<\/p>\n<p>Ma\u00eetre Nassera HAJJI ne peut garantir l\u2019exactitude et la compl\u00e9tude et l\u2019actualit\u00e9 des informations diffus\u00e9es sur son Site, ni la permanence de son bon fonctionnement ou sa totale s\u00e9curit\u00e9 informatique.<\/p>\n<p>Les informations contenues dans le Site sont fournies \u00e0 titre indicatif sans aucune garantie, explicite ou implicite, de validit\u00e9, d&#8217;exhaustivit\u00e9 ou d&#8217;actualit\u00e9 pour la seule information g\u00e9n\u00e9rale des utilisateurs, elles ne sauraient remplacer ou se substituer \u00e0 des conseils ou consultations de nature juridique, fiscale ou de toute autre nature professionnelle.<br \/>\u00a0<\/p>\n<p>Elle ne pourra \u00eatre tenue responsable en cas d\u2019indisponibilit\u00e9 du site, pour quelque cause que ce soit. Elle ne saurait non plus \u00eatre tenue responsable des erreurs, d\u2019une absence de disponibilit\u00e9 des informations et\/ou de la pr\u00e9sence de virus sur son site.<\/p>\n<p>Ma\u00eetre Nassera HAJJI ne sera responsable ni des dommages, temporaires ou permanents, caus\u00e9s au syst\u00e8me informatique du visiteur ni des pertes ou dommages \u00e9ventuels (y compris, mais sans s&#8217;y limiter, la perte de donn\u00e9es ou de profits) qui seraient subis suite \u00e0 :<\/p>\n<ul>\n<li>\n<p>L&#8217;acc\u00e8s ou \u00e0 la navigation sur le Site\u00a0;<\/p>\n<\/li>\n<li>\n<p>L&#8217;exploitation des informations contenues dans le Site ;<\/p>\n<\/li>\n<li>\n<p>La copie, la visualisation ou toute autre utilisation du Site qui donneraient lieu \u00e0 une proc\u00e9dure contentieuse ou de recouvrement.<\/p>\n<\/li>\n<\/ul>\n<p>Ma\u00eetre Nassera HAJJI ne sera pas non plus responsable des dommages indirects r\u00e9sultant d&#8217;une intrusion frauduleuse d&#8217;un tiers ayant entra\u00een\u00e9 une modification des informations diffus\u00e9es sur le Site ou un pr\u00e9judice financier ou commercial, perte de programme ou de donn\u00e9es du syst\u00e8me d\u2019information ou autre de l\u2019utilisateur, m\u00eame si Maitre Nassera HAJJI a eu connaissance de la possibilit\u00e9 de survenance de tels dommages.<\/p>\n<p>L\u2019utilisateur reconna\u00eet avoir pris connaissance de la pr\u00e9sente notice l\u00e9gale et s\u2019engage \u00e0 la respecter. L\u2019utilisateur reconna\u00eet \u00e9galement utiliser ces informations sous sa seule et unique responsabilit\u00e9.<\/p>\n<!-- \/wp:paragraph --><\/blockquote>\n<!-- \/wp:quote --><!-- wp:paragraph -->\n<p>PROPRIETE INTELLECTUELLE<\/p>\n<p>La structure g\u00e9n\u00e9rale du Site, ainsi que chacun des \u00e9l\u00e9ments qui le compose pris ind\u00e9pendamment, notamment les textes, les donn\u00e9es et les \u00e9l\u00e9ments graphiques, anim\u00e9s ou non, constituent des \u0153uvres qui sont prot\u00e9g\u00e9es en tant que telles par les lois sur la propri\u00e9t\u00e9 intellectuelle, en particulier par le droit d&#8217;auteur, les dessins et mod\u00e8les et le droit des marques, et par les trait\u00e9s internationaux.\u00a0<\/p>\n<p>La structure g\u00e9n\u00e9rale du Site, ainsi que chacun des \u00e9l\u00e9ments qui le compose pris ind\u00e9pendamment, notamment les textes, les donn\u00e9es et les \u00e9l\u00e9ments graphiques du Site ne doivent en aucun cas \u00eatre modifi\u00e9s, reproduits, affich\u00e9s, pr\u00e9sent\u00e9s, distribu\u00e9s ou utilis\u00e9s \u00e0 des fins d&#8217;int\u00e9r\u00eat public ou commercial. Toute personne qui t\u00e9l\u00e9charge ou recueille des informations diffus\u00e9es sur le Site ne dispose sur celles-ci que d&#8217;un droit d&#8217;usage priv\u00e9, personnel et non transmissible. Les informations recueillies ne sont susceptibles que d&#8217;une seule reproduction papier ou num\u00e9rique. Toute utilisation des informations recueillies devra mentionner la source.<\/p>\n<p>Les \u0153uvres prot\u00e9g\u00e9es reproduites sur le Site et n&#8217;appartenant pas \u00e0 Ma\u00eetre Nassera HAJJI ont fait l&#8217;objet d&#8217;une autorisation expresse et pr\u00e9alable de reproduction de la part du titulaire des droits.<\/p>\n<p>Toute repr\u00e9sentation totale ou partielle du Site ou d\u2019un des \u00e9l\u00e9ments qui le composent sans l\u2019autorisation expresse est interdite et constituerait une contrefa\u00e7on sanctionn\u00e9e par les articles L.335-2 et suivants du Code de la Propri\u00e9t\u00e9 Intellectuelle.<\/p>\n<p>Les bases de donn\u00e9es figurant sur le Site sont prot\u00e9g\u00e9es par les articles L.341-1 et suivants du Code de la propri\u00e9t\u00e9 intellectuelle et est sanctionn\u00e9e toute extraction ou r\u00e9utilisation qualitativement ou quantitativement substantielle du contenu des bases de donn\u00e9es.<\/p>\n<p>Ma\u00eetre Nassera HAJJI n\u2019assume aucune obligation de suivi des informations que l\u2019utilisateur peut d\u00e9poser sur son site web. A ce titre, l\u2019utilisateur garantit que n\u2019importe quelle information, ou \u00e9l\u00e9ment (le terme \u201c\u00e9l\u00e9ment\u201d d\u00e9signe tout projet, fichier ou autres pi\u00e8ces jointes envoy\u00e9s) ou commentaires autres que des donn\u00e9es personnelles, que l\u2019utilisateur peut transmettre \u00e0 Ma\u00eetre Nassera HAJJI par le site web de cette derni\u00e8re, ne viole aucun droit de propri\u00e9t\u00e9 intellectuelle d\u2019un tiers ou une autre loi applicable. De telles informations, ou \u00e9l\u00e9ments ou commentaires, seront trait\u00e9s comme non-confidentiels et non-propri\u00e9taires.\u00a0<\/p>\n<!-- \/wp:paragraph --><!-- wp:quote -->\n<blockquote class=\"wp-block-quote\"><!-- wp:paragraph -->\n<p>LIENS<\/p>\n<p>Les liens hypertextes mis en place en direction d&#8217;autres sites fait l&#8217;objet d&#8217;une autorisation expresse et pr\u00e9alable. Les liens \u00e9tant fournis pour la convenance personnelle des internautes, Ma\u00eetre Nassera HAJJI n&#8217;exerce aucun contr\u00f4le sur ces sites et n&#8217;accepte aucune responsabilit\u00e9 \u00e0 leur \u00e9gard, les pages restant de la seule responsabilit\u00e9 de leurs titulaires.<\/p>\n<p>La reproduction d&#8217;une page du Site ou l&#8217;insertion d&#8217;une page appartenant \u00e0 Ma\u00eetre Nassera HAJJI\u00a0dans la page est interdite.\u00a0<\/p>\n<p>Ma\u00eetre Nassera HAJJI se r\u00e9serve le droit de supprimer les liens propos\u00e9s par son site vers un site tiers si celui-ci devenait contraire aux principes essentiels de la profession d\u2019avocat,\u00a0conform\u00e9ment au r\u00e8glement int\u00e9rieur de celle-ci.<\/p>\n<p>Les utilisateurs du site ne peuvent \u00e9tablir de lien en direction de ce Site sans autorisation pr\u00e9alable et \u00e9crite de Ma\u00eetre Nassera HAJJI.<\/p>\n<!-- \/wp:paragraph --><\/blockquote>\n<!-- \/wp:quote --><!-- wp:paragraph -->\n<p>MODIFICATION<\/p>\n<p>Ma\u00eetre Nassera HAJJI se r\u00e9serve le droit de modifier le contenu de la pr\u00e9sente notice l\u00e9gale \u00e0 tout moment et sans pr\u00e9avis.<\/p>\n<p>LOI APPLICABLE<\/p>\n<p>Le pr\u00e9sent Site est r\u00e9gi par les lois fran\u00e7aises.<\/p>\n<p>L\u2019utilisateur reconna\u00eet avoir pris connaissance de la pr\u00e9sente notice l\u00e9gale et s&#8217;engage \u00e0 la respecter.<\/p>\n<div dir=\"ltr\"><u>Confidentialit\u00e9<\/u><\/div>\n<p class=\"ContentPasted0\" dir=\"ltr\">Tout utilisateur dispose d\u2019un droit d\u2019acc\u00e8s, de rectification et d\u2019opposition aux donn\u00e9es personnelles le concernant, en effectuant sa demande \u00e9crite et sign\u00e9e, accompagn\u00e9e d\u2019une preuve d\u2019identit\u00e9.<\/p>\n<p class=\"ContentPasted0\" dir=\"ltr\">Conform\u00e9ment \u00e0 la loi 78-17 du 6 janvier 1978 (modifi\u00e9e par la loi 2004-801 du 6 ao\u00fbt 2004 relative \u00e0 la protection des personnes physiques \u00e0 l\u2019\u00e9gard des traitements de donn\u00e9es \u00e0 caract\u00e8re personnel) relative \u00e0 l\u2019informatique, aux fichiers et aux libert\u00e9s, ce site n\u2019a pas fait l\u2019objet d\u2019une d\u00e9claration aupr\u00e8s de la Commission nationale de l\u2019informatique et des libert\u00e9s (<a id=\"OWA9b34f30a-4a2f-d026-0d1d-f5c65e0492e6\" class=\"OWAAutoLink ContentPasted0\" href=\"http:\/\/www.cnil.fr\/\" target=\"_blank\" rel=\"noopener noreferrer\">www.cnil.fr<\/a>).<\/p>\n<p class=\"ContentPasted0\" dir=\"ltr\">Et<\/p>\n<p class=\"ContentPasted0\" dir=\"ltr\"><u>Donn\u00e9es personnelles<\/u><\/p>\n<p class=\"ContentPasted0\" dir=\"ltr\">De mani\u00e8re g\u00e9n\u00e9rale, vous n\u2019\u00eates pas tenu de nous communiquer vos donn\u00e9es personnelles lorsque vous visitez notre site Internet.<\/p>\n<p class=\"ContentPasted0\" dir=\"ltr\">Cependant, ce principe comporte certaines exceptions. En effet, pour certains services propos\u00e9s par notre site, vous pouvez \u00eatre amen\u00e9s \u00e0 nous communiquer certaines donn\u00e9es telles que : vos coordonn\u00e9es, votre adresse \u00e9lectronique, et votre num\u00e9ro de t\u00e9l\u00e9phone. Tel est le cas lorsque vous remplissez le formulaire qui vous est propos\u00e9 en ligne, dans la rubrique \u00ab contact \u00bb. Dans tous les cas, vous pouvez refuser de fournir vos donn\u00e9es personnelles. Dans ce cas, vous ne pourrez pas utiliser certains services du site.<\/p>\n<p class=\"ContentPasted0\" dir=\"ltr\">Enfin, nous pouvons collecter de mani\u00e8re automatique certaines informations vous concernant lors d\u2019une simple navigation sur notre site Internet, notamment : des informations concernant l\u2019utilisation de notre site, comme les zones que vous visitez et les services auxquels vous acc\u00e9dez, votre adresse IP, le type de votre navigateur, vos temps d\u2019acc\u00e8s. De telles informations sont utilis\u00e9es exclusivement \u00e0 des fins de statistiques internes, de mani\u00e8re \u00e0 am\u00e9liorer la qualit\u00e9 des services qui vous sont propos\u00e9s. Les bases de donn\u00e9es sont prot\u00e9g\u00e9es par les dispositions de la loi du 1er juillet 1998 transposant la directive 96\/9 du 11 mars 1996 relative \u00e0 la protection juridique des bases de donn\u00e9es.<\/p>\n<blockquote class=\"wp-block-quote\">\n<p>Nassera HAJJI<\/p>\n<p>Avocat au Barreau de QUIMPER<\/p>\n<p>36, rue de Douarnenez 29000 QUIMPER<\/p>\n<p>T\u00e9l : 02.98.56.08.88 &#8211; Fax : 02.22.44.60.01<\/p>\n<\/blockquote>\n<!-- \/wp:paragraph -->\t\t\t\t\t\t<\/div>\n\t\t\t\t<\/div>\n\t\t\t\t\t<\/div>\n\t\t<\/div>\n\t\t\t\t\t\t\t<\/div>\n\t\t<\/section>\n\t\t\t\t\t\t\t<\/div>\n\t\t","protected":false},"excerpt":{"rendered":"Ma\u00eetre Nassera HAJJI exerce \u00e0 titre individuel au sein du Barreau de QUIMPER,\u00a0SIRET 479 378 366 00047 Son cabinet est situ\u00e9 au Cabinet situ\u00e9 36, rue de Douarnenez 29000 QUIMPER. (T\u00e9l 02 98 56 08 88 &#8211; Mail\u00a0contact@avocat-hajji.fr). Nous vous informons de la possibilit\u00e9 qui est offerte par l\u2019article L 612-1 du Code de la ","protected":false},"author":1,"featured_media":0,"parent":0,"menu_order":0,"comment_status":"closed","ping_status":"open","template":"","meta":{"footnotes":""},"class_list":["post-2","page","type-page","status-publish","hentry"],"_links":{"self":[{"href":"https:\/\/avocat-hajji.fr\/index.php?rest_route=\/wp\/v2\/pages\/2","targetHints":{"allow":["GET"]}}],"collection":[{"href":"https:\/\/avocat-hajji.fr\/index.php?rest_route=\/wp\/v2\/pages"}],"about":[{"href":"https:\/\/avocat-hajji.fr\/index.php?rest_route=\/wp\/v2\/types\/page"}],"author":[{"embeddable":true,"href":"https:\/\/avocat-hajji.fr\/index.php?rest_route=\/wp\/v2\/users\/1"}],"replies":[{"embeddable":true,"href":"https:\/\/avocat-hajji.fr\/index.php?rest_route=%2Fwp%2Fv2%2Fcomments&post=2"}],"version-history":[{"count":17,"href":"https:\/\/avocat-hajji.fr\/index.php?rest_route=\/wp\/v2\/pages\/2\/revisions"}],"predecessor-version":[{"id":1130,"href":"https:\/\/avocat-hajji.fr\/index.php?rest_route=\/wp\/v2\/pages\/2\/revisions\/1130"}],"wp:attachment":[{"href":"https:\/\/avocat-hajji.fr\/index.php?rest_route=%2Fwp%2Fv2%2Fmedia&parent=2"}],"curies":[{"name":"wp","href":"https:\/\/api.w.org\/{rel}","templated":true}]}}