{"id":39,"date":"2019-11-11T02:21:50","date_gmt":"2019-11-11T02:21:50","guid":{"rendered":"https:\/\/barristar.wpocean.com\/?page_id=39"},"modified":"2023-03-24T20:49:06","modified_gmt":"2023-03-24T19:49:06","slug":"contact","status":"publish","type":"page","link":"https:\/\/avocat-hajji.fr\/?page_id=39","title":{"rendered":"Contact"},"content":{"rendered":"\t\t<div data-elementor-type=\"wp-page\" data-elementor-id=\"39\" class=\"elementor elementor-39\">\n\t\t\t\t\t\t\t\t\t<section class=\"elementor-section elementor-top-section elementor-element elementor-element-e34dbe8 elementor-section-boxed elementor-section-height-default elementor-section-height-default\" data-id=\"e34dbe8\" data-element_type=\"section\">\n\t\t\t\t\t\t<div class=\"elementor-container elementor-column-gap-default\">\n\t\t\t\t\t<div class=\"elementor-column elementor-col-50 elementor-top-column elementor-element elementor-element-2bbdf87\" data-id=\"2bbdf87\" data-element_type=\"column\">\n\t\t\t<div class=\"elementor-widget-wrap elementor-element-populated\">\n\t\t\t\t\t\t\t\t<div class=\"elementor-element elementor-element-f2f41b8 elementor-widget elementor-widget-wpo-barristar_contactinfo\" data-id=\"f2f41b8\" data-element_type=\"widget\" data-widget_type=\"wpo-barristar_contactinfo.default\">\n\t\t\t\t<div class=\"elementor-widget-container\">\n\t\t\t\t\t<div class=\"contact-page-area\">\r\n\t\t\t\t<div class=\"contact-page-item\">\r\n           <h2>Les coordonn\u00e9es du cabinet<\/h2><P>Pour toute question ou renseignement, veuillez renseigner le pr\u00e9sent formulaire de contact. Une r\u00e9ponse vous sera apport\u00e9e dans les meilleurs d\u00e9lais.<\/P>              <div class=\"single-info\">\r\n                <div class=\"info-con\">\r\n                  <i class='fi icon_error-oct_alt'><\/i>                <\/div>\r\n               <div class=\"phone\">\r\n               \t  <h3>Le cabinet est ouvert du lundi au vendredi de 9h00 \u00e0 12h00 et de 14h00 \u00e0 18h30.<\/h3>Consultation au cabinet sur rendez-vous uniquement.               <\/div>\r\n             <\/div>\r\n\t\t\t\t\t\t              <div class=\"single-info\">\r\n                <div class=\"info-con\">\r\n                  <i class='fi icon_pin_alt'><\/i>                <\/div>\r\n               <div class=\"phone\">\r\n               \t  <h3>Adresse<\/h3>36 rue de Douarnenez\n29000 QUIMPER\n               <\/div>\r\n             <\/div>\r\n\t\t\t\t\t\t              <div class=\"single-info\">\r\n                <div class=\"info-con\">\r\n                  <i class='fi icon-call-end'><\/i>                <\/div>\r\n               <div class=\"phone\">\r\n               \t  <h3>T\u00e9l\u00e9phone<\/h3><span>02.98.56.08.88<\/span>\n               <\/div>\r\n             <\/div>\r\n\t\t\t\t\t\t              <div class=\"single-info\">\r\n                <div class=\"info-con\">\r\n                  <i class='fi icon-doc'><\/i>                <\/div>\r\n               <div class=\"phone\">\r\n               \t  <h3>Fax<\/h3><span>02.22.44.60.01<\/span>\n               <\/div>\r\n             <\/div>\r\n\t\t\t\t\t\t              <div class=\"single-info\">\r\n                <div class=\"info-con\">\r\n                  <i class='fi icon-envelope-open'><\/i>                <\/div>\r\n               <div class=\"phone\">\r\n               \t  <h3>E-mail<\/h3><span>contact@avocat-hajji.fr<\/span>\n               <\/div>\r\n             <\/div>\r\n\t\t\t\t\t\t\t     <\/div>\r\n\t  <\/div>\r\n\t\t\t\t<\/div>\n\t\t\t\t<\/div>\n\t\t\t\t<div class=\"elementor-element elementor-element-6c99dcc elementor-widget elementor-widget-button\" data-id=\"6c99dcc\" data-element_type=\"widget\" data-widget_type=\"button.default\">\n\t\t\t\t<div class=\"elementor-widget-container\">\n\t\t\t\t\t<div class=\"elementor-button-wrapper\">\n\t\t\t<a href=\"http:\/\/avocat-hajji.fr\/?page_id=2\" class=\"elementor-button-link elementor-button elementor-size-sm\" role=\"button\">\n\t\t\t\t\t\t<span class=\"elementor-button-content-wrapper\">\n\t\t\t\t\t\t<span class=\"elementor-button-text\">Mentions l\u00e9gales<\/span>\n\t\t<\/span>\n\t\t\t\t\t<\/a>\n\t\t<\/div>\n\t\t\t\t<\/div>\n\t\t\t\t<\/div>\n\t\t\t\t\t<\/div>\n\t\t<\/div>\n\t\t\t\t<div class=\"elementor-column elementor-col-50 elementor-top-column elementor-element elementor-element-89912b0\" data-id=\"89912b0\" data-element_type=\"column\">\n\t\t\t<div class=\"elementor-widget-wrap elementor-element-populated\">\n\t\t\t\t\t\t\t\t<div class=\"elementor-element elementor-element-ba130ee elementor-widget__width-inherit elementor-widget elementor-widget-wpo-barristar_contact_form\" data-id=\"ba130ee\" data-element_type=\"widget\" data-widget_type=\"wpo-barristar_contact_form.default\">\n\t\t\t\t<div class=\"elementor-widget-container\">\n\t\t\t\t\t\t<div class=\"contact contact-page-area\">\r\n\t\t\t    <div class=\"contact-area contact-area-2 contact-area-3\">\r\n\t\t\t      <h2>Pour contacter le cabinet par e-mail<\/h2>\t\t\t      <div class=\"contact-form\">\r\n\t\t\t       <div class=\"wpcf7 no-js\" id=\"wpcf7-f8-o1\" lang=\"fr-FR\" dir=\"ltr\">\n<div class=\"screen-reader-response\"><p role=\"status\" aria-live=\"polite\" aria-atomic=\"true\"><\/p> <ul><\/ul><\/div>\n<form action=\"\/index.php?rest_route=%2Fwp%2Fv2%2Fpages%2F39#wpcf7-f8-o1\" method=\"post\" class=\"wpcf7-form init\" aria-label=\"Formulaire de contact\" novalidate=\"novalidate\" data-status=\"init\">\n<div style=\"display: none;\">\n<input type=\"hidden\" name=\"_wpcf7\" value=\"8\" \/>\n<input type=\"hidden\" name=\"_wpcf7_version\" value=\"5.7.1\" \/>\n<input type=\"hidden\" name=\"_wpcf7_locale\" value=\"fr_FR\" \/>\n<input type=\"hidden\" name=\"_wpcf7_unit_tag\" value=\"wpcf7-f8-o1\" \/>\n<input type=\"hidden\" name=\"_wpcf7_container_post\" value=\"0\" \/>\n<input type=\"hidden\" name=\"_wpcf7_posted_data_hash\" value=\"\" \/>\n<\/div>\n<p><label> Votre nom<br \/>\n<span class=\"wpcf7-form-control-wrap\" data-name=\"your-name\"><input size=\"40\" class=\"wpcf7-form-control wpcf7-text wpcf7-validates-as-required\" autocomplete=\"name\" aria-required=\"true\" aria-invalid=\"false\" value=\"\" type=\"text\" name=\"your-name\" \/><\/span> <\/label>\n<\/p>\n<p><label> Votre e-mail<br \/>\n<span class=\"wpcf7-form-control-wrap\" data-name=\"your-email\"><input size=\"40\" class=\"wpcf7-form-control wpcf7-text wpcf7-email wpcf7-validates-as-required wpcf7-validates-as-email\" autocomplete=\"email\" aria-required=\"true\" aria-invalid=\"false\" value=\"\" type=\"email\" name=\"your-email\" \/><\/span> <\/label>\n<\/p>\n<p><label> Sujet<br \/>\n<span class=\"wpcf7-form-control-wrap\" data-name=\"your-subject\"><input size=\"40\" class=\"wpcf7-form-control wpcf7-text wpcf7-validates-as-required\" aria-required=\"true\" aria-invalid=\"false\" value=\"\" type=\"text\" name=\"your-subject\" \/><\/span> <\/label>\n<\/p>\n<p><label> Votre message<br \/>\n<span class=\"wpcf7-form-control-wrap\" data-name=\"your-message\"><textarea cols=\"40\" rows=\"10\" class=\"wpcf7-form-control wpcf7-textarea wpcf7-validates-as-required\" aria-required=\"true\" aria-invalid=\"false\" name=\"your-message\"><\/textarea><\/span> <\/label>\n<\/p>\n<p><input class=\"wpcf7-form-control has-spinner wpcf7-submit\" type=\"submit\" value=\"Envoi\" \/>\n<\/p><div class=\"wpcf7-response-output\" aria-hidden=\"true\"><\/div><\/form><\/div>  \r\n\t\t\t      <\/div>\r\n\t\t\t    <\/div>\r\n\t\t\t<\/div>\r\n\t\t\t\t<\/div>\n\t\t\t\t<\/div>\n\t\t\t\t\t<\/div>\n\t\t<\/div>\n\t\t\t\t\t\t\t<\/div>\n\t\t<\/section>\n\t\t\t\t<section class=\"elementor-section elementor-top-section elementor-element elementor-element-cc5e776 elementor-section-full_width elementor-section-stretched elementor-section-height-default elementor-section-height-default\" data-id=\"cc5e776\" data-element_type=\"section\" data-settings=\"{&quot;stretch_section&quot;:&quot;section-stretched&quot;}\">\n\t\t\t\t\t\t<div class=\"elementor-container elementor-column-gap-default\">\n\t\t\t\t\t<div class=\"elementor-column elementor-col-100 elementor-top-column elementor-element elementor-element-c7b9e03\" data-id=\"c7b9e03\" data-element_type=\"column\">\n\t\t\t<div class=\"elementor-widget-wrap elementor-element-populated\">\n\t\t\t\t\t\t\t\t<div class=\"elementor-element elementor-element-ec02b1c elementor-widget elementor-widget-google_maps\" data-id=\"ec02b1c\" data-element_type=\"widget\" data-widget_type=\"google_maps.default\">\n\t\t\t\t<div class=\"elementor-widget-container\">\n\t\t\t<style>\/*! elementor - v3.9.1 - 14-12-2022 *\/\n.elementor-widget-google_maps .elementor-widget-container{overflow:hidden}.elementor-widget-google_maps iframe{height:300px}<\/style>\t\t<div class=\"elementor-custom-embed\">\n\t\t\t<iframe frameborder=\"0\" scrolling=\"no\" marginheight=\"0\" marginwidth=\"0\"\n\t\t\t\t\tsrc=\"https:\/\/maps.google.com\/maps?q=36%20rue%20de%20Douarnenez%2029000%20QUIMPER&#038;t=m&#038;z=17&#038;output=embed&#038;iwloc=near\"\n\t\t\t\t\ttitle=\"36 rue de Douarnenez 29000 QUIMPER\"\n\t\t\t\t\taria-label=\"36 rue de Douarnenez 29000 QUIMPER\"\n\t\t\t><\/iframe>\n\t\t<\/div>\n\t\t\t\t<\/div>\n\t\t\t\t<\/div>\n\t\t\t\t\t<\/div>\n\t\t<\/div>\n\t\t\t\t\t\t\t<\/div>\n\t\t<\/section>\n\t\t\t\t\t\t\t<\/div>\n\t\t","protected":false},"excerpt":{"rendered":"Les coordonn\u00e9es du cabinet Pour toute question ou renseignement, veuillez renseigner le pr\u00e9sent formulaire de contact. Une r\u00e9ponse vous sera apport\u00e9e dans les meilleurs d\u00e9lais. Le cabinet est ouvert du lundi au vendredi de 9h00 \u00e0 12h00 et de 14h00 \u00e0 18h30. Consultation au cabinet sur rendez-vous uniquement. Adresse 36 rue de Douarnenez 29000 QUIMPER ","protected":false},"author":1,"featured_media":0,"parent":0,"menu_order":0,"comment_status":"closed","ping_status":"closed","template":"elementor_header_footer","meta":{"footnotes":""},"class_list":["post-39","page","type-page","status-publish","hentry"],"_links":{"self":[{"href":"https:\/\/avocat-hajji.fr\/index.php?rest_route=\/wp\/v2\/pages\/39","targetHints":{"allow":["GET"]}}],"collection":[{"href":"https:\/\/avocat-hajji.fr\/index.php?rest_route=\/wp\/v2\/pages"}],"about":[{"href":"https:\/\/avocat-hajji.fr\/index.php?rest_route=\/wp\/v2\/types\/page"}],"author":[{"embeddable":true,"href":"https:\/\/avocat-hajji.fr\/index.php?rest_route=\/wp\/v2\/users\/1"}],"replies":[{"embeddable":true,"href":"https:\/\/avocat-hajji.fr\/index.php?rest_route=%2Fwp%2Fv2%2Fcomments&post=39"}],"version-history":[{"count":55,"href":"https:\/\/avocat-hajji.fr\/index.php?rest_route=\/wp\/v2\/pages\/39\/revisions"}],"predecessor-version":[{"id":1106,"href":"https:\/\/avocat-hajji.fr\/index.php?rest_route=\/wp\/v2\/pages\/39\/revisions\/1106"}],"wp:attachment":[{"href":"https:\/\/avocat-hajji.fr\/index.php?rest_route=%2Fwp%2Fv2%2Fmedia&parent=39"}],"curies":[{"name":"wp","href":"https:\/\/api.w.org\/{rel}","templated":true}]}}